{"id":328,"date":"2020-02-25T14:45:52","date_gmt":"2020-02-25T14:45:52","guid":{"rendered":"https:\/\/apart-ladner-com.huberwebmedia.at\/willkommen\/"},"modified":"2020-02-28T10:37:56","modified_gmt":"2020-02-28T10:37:56","slug":"willkommen","status":"publish","type":"page","link":"https:\/\/apart-ladner.com\/nl\/","title":{"rendered":"Welkom"},"content":{"rendered":"<div id='full_slider_1'  class='avia-fullwidth-slider main_color avia-shadow   avia-builder-el-0  el_before_av_heading  avia-builder-el-first   container_wrap sidebar_right'  ><div  class='avia-slideshow av-k74fzabx-cc4993f768d506dc261a1aa298cf0dcf avia-slideshow-featured_large av_slideshow_full avia-slide-slider av-slideshow-ui av-control-hidden av-no-slider-navigation av-hide-nav-arrows av-slideshow-autoplay av-loop-endless av-loop-manual-endless av-default-height-applied   avia-slideshow-1' data-slideshow-options=\"{&quot;animation&quot;:&quot;slide&quot;,&quot;autoplay&quot;:true,&quot;loop_autoplay&quot;:&quot;endless&quot;,&quot;interval&quot;:5,&quot;loop_manual&quot;:&quot;manual-endless&quot;,&quot;autoplay_stopper&quot;:false,&quot;noNavigation&quot;:true,&quot;bg_slider&quot;:false,&quot;keep_padding&quot;:false,&quot;hoverpause&quot;:false,&quot;show_slide_delay&quot;:0}\"  itemprop=\"image\" itemscope=\"itemscope\" itemtype=\"https:\/\/schema.org\/ImageObject\" ><ul class='avia-slideshow-inner ' style='padding-bottom: 42%;'><li  class='avia-slideshow-slide av-k74fzabx-cc4993f768d506dc261a1aa298cf0dcf__0  slide-1 slide-odd'><div data-rel='slideshow-1' class='avia-slide-wrap '   ><img decoding=\"async\" fetchpriority=\"high\" class=\"wp-image-141 avia-img-lazy-loading-not-141\"  src=\"https:\/\/apart-ladner.com\/wp-content\/uploads\/2020\/02\/skigebiet-kappl-2019-57-2-1500x630.jpg\" width=\"1500\" height=\"630\" title='skigebiet-kappl-2019-57' alt=''  itemprop=\"thumbnailUrl\"  style='min-height:400px; min-width:953px; ' \/><\/div><\/li><li  class='avia-slideshow-slide av-k74fzabx-cc4993f768d506dc261a1aa298cf0dcf__1  slide-2 slide-even'><div data-rel='slideshow-1' class='avia-slide-wrap '   ><img decoding=\"async\" fetchpriority=\"high\" class=\"wp-image-157 avia-img-lazy-loading-not-157\"  src=\"https:\/\/apart-ladner.com\/wp-content\/uploads\/2020\/02\/slider1-1500x630.jpg\" width=\"1500\" height=\"630\" title='slider1' alt=''  itemprop=\"thumbnailUrl\"  style='min-height:400px; min-width:953px; ' srcset=\"https:\/\/apart-ladner.com\/wp-content\/uploads\/2020\/02\/slider1.jpg 1500w, https:\/\/apart-ladner.com\/wp-content\/uploads\/2020\/02\/slider1-300x126.jpg 300w, https:\/\/apart-ladner.com\/wp-content\/uploads\/2020\/02\/slider1-1030x433.jpg 1030w, https:\/\/apart-ladner.com\/wp-content\/uploads\/2020\/02\/slider1-768x323.jpg 768w, https:\/\/apart-ladner.com\/wp-content\/uploads\/2020\/02\/slider1-705x296.jpg 705w\" sizes=\"(max-width: 1500px) 100vw, 1500px\" \/><\/div><\/li><li  class='avia-slideshow-slide av-k74fzabx-cc4993f768d506dc261a1aa298cf0dcf__2  slide-3 slide-odd'><div data-rel='slideshow-1' class='avia-slide-wrap '   ><img decoding=\"async\" fetchpriority=\"high\" class=\"wp-image-158 avia-img-lazy-loading-not-158\"  src=\"https:\/\/apart-ladner.com\/wp-content\/uploads\/2020\/02\/slider3-1500x630.jpg\" width=\"1500\" height=\"630\" title='slider3' alt=''  itemprop=\"thumbnailUrl\"  style='min-height:400px; min-width:953px; ' srcset=\"https:\/\/apart-ladner.com\/wp-content\/uploads\/2020\/02\/slider3.jpg 1500w, https:\/\/apart-ladner.com\/wp-content\/uploads\/2020\/02\/slider3-300x126.jpg 300w, https:\/\/apart-ladner.com\/wp-content\/uploads\/2020\/02\/slider3-1030x433.jpg 1030w, https:\/\/apart-ladner.com\/wp-content\/uploads\/2020\/02\/slider3-768x323.jpg 768w, https:\/\/apart-ladner.com\/wp-content\/uploads\/2020\/02\/slider3-705x296.jpg 705w\" sizes=\"(max-width: 1500px) 100vw, 1500px\" \/><\/div><\/li><li  class='avia-slideshow-slide av-k74fzabx-cc4993f768d506dc261a1aa298cf0dcf__3  slide-4 slide-even'><div data-rel='slideshow-1' class='avia-slide-wrap '   ><img decoding=\"async\" fetchpriority=\"high\" class=\"wp-image-159 avia-img-lazy-loading-not-159\"  src=\"https:\/\/apart-ladner.com\/wp-content\/uploads\/2020\/02\/slider2-1500x630.jpg\" width=\"1500\" height=\"630\" title='slider2' alt=''  itemprop=\"thumbnailUrl\"  style='min-height:400px; min-width:953px; ' srcset=\"https:\/\/apart-ladner.com\/wp-content\/uploads\/2020\/02\/slider2.jpg 1500w, https:\/\/apart-ladner.com\/wp-content\/uploads\/2020\/02\/slider2-300x126.jpg 300w, https:\/\/apart-ladner.com\/wp-content\/uploads\/2020\/02\/slider2-1030x433.jpg 1030w, https:\/\/apart-ladner.com\/wp-content\/uploads\/2020\/02\/slider2-768x323.jpg 768w, https:\/\/apart-ladner.com\/wp-content\/uploads\/2020\/02\/slider2-705x296.jpg 705w\" sizes=\"(max-width: 1500px) 100vw, 1500px\" \/><\/div><\/li><\/ul><div class='avia-slideshow-arrows avia-slideshow-controls' ><a href='#prev' class='prev-slide  avia-svg-icon avia-font-svg_entypo-fontello' data-av_svg_icon='left-open-big' data-av_iconset='svg_entypo-fontello' tabindex='-1' title=\"Vorige\"><svg version=\"1.1\" xmlns=\"http:\/\/www.w3.org\/2000\/svg\" width=\"15\" height=\"32\" viewBox=\"0 0 15 32\" preserveAspectRatio=\"xMidYMid meet\" aria-labelledby='av-svg-title-1' aria-describedby='av-svg-desc-1' role=\"graphics-symbol\" aria-hidden=\"true\">\n<title id='av-svg-title-1'>Vorige<\/title>\n<desc id='av-svg-desc-1'>Vorige<\/desc>\n<path d=\"M14.464 27.84q0.832 0.832 0 1.536-0.832 0.832-1.536 0l-12.544-12.608q-0.768-0.768 0-1.6l12.544-12.608q0.704-0.832 1.536 0 0.832 0.704 0 1.536l-11.456 11.904z\"><\/path>\n<\/svg><span class='avia_hidden_link_text'>Vorige<\/span><\/a><a href='#next' class='next-slide  avia-svg-icon avia-font-svg_entypo-fontello' data-av_svg_icon='right-open-big' data-av_iconset='svg_entypo-fontello' tabindex='-1' title=\"Volgende\"><svg version=\"1.1\" xmlns=\"http:\/\/www.w3.org\/2000\/svg\" width=\"15\" height=\"32\" viewBox=\"0 0 15 32\" preserveAspectRatio=\"xMidYMid meet\" aria-labelledby='av-svg-title-2' aria-describedby='av-svg-desc-2' role=\"graphics-symbol\" aria-hidden=\"true\">\n<title id='av-svg-title-2'>Volgende<\/title>\n<desc id='av-svg-desc-2'>Volgende<\/desc>\n<path d=\"M0.416 27.84l11.456-11.84-11.456-11.904q-0.832-0.832 0-1.536 0.832-0.832 1.536 0l12.544 12.608q0.768 0.832 0 1.6l-12.544 12.608q-0.704 0.832-1.536 0-0.832-0.704 0-1.536z\"><\/path>\n<\/svg><span class='avia_hidden_link_text'>Volgende<\/span><\/a><\/div><\/div><\/div><div id='after_full_slider_1'  class='main_color av_default_container_wrap container_wrap sidebar_right'  ><div class='container av-section-cont-open' ><div class='template-page content  av-content-small alpha units'><div class='post-entry post-entry-type-page post-entry-328'><div class='entry-content-wrapper clearfix'>\n\n<style type=\"text\/css\" data-created_by=\"avia_inline_auto\" id=\"style-css-av-k761huci-f3e52c12a2e3661cfa77c039a3807ee2\">\n#top .av-special-heading.av-k761huci-f3e52c12a2e3661cfa77c039a3807ee2{\npadding-bottom:10px;\n}\nbody .av-special-heading.av-k761huci-f3e52c12a2e3661cfa77c039a3807ee2 .av-special-heading-tag .heading-char{\nfont-size:25px;\n}\n.av-special-heading.av-k761huci-f3e52c12a2e3661cfa77c039a3807ee2 .av-subheading{\nfont-size:15px;\n}\n<\/style>\n<div  class='av-special-heading av-k761huci-f3e52c12a2e3661cfa77c039a3807ee2 av-special-heading-h1 blockquote modern-quote  avia-builder-el-1  el_after_av_slideshow_full  el_before_av_textblock  avia-builder-el-first '><h1 class='av-special-heading-tag '  itemprop=\"headline\"  >Welkom op de Apart Julia Ladner in Kappl &#8211; Paznaun!<\/h1><div class=\"special-heading-border\"><div class=\"special-heading-inner-border\"><\/div><\/div><\/div>\n<section  class='av_textblock_section av-k720l5o0-86a8ea29ab2f41ee081294b4aec2e4b7 '   itemscope=\"itemscope\" itemtype=\"https:\/\/schema.org\/CreativeWork\" ><div class='avia_textblock'  itemprop=\"text\" ><p>Omgeven door het prachtige berglandschap van het <strong>Paznauntal Kappl<\/strong> is de plaats en de <strong>Apart Julia Ladner<\/strong>. Vanaf hier heb je een prachtig uitzicht op de Silvretta -gebergte in het zuiden en op het Verwall in het noorden. Enkele bergtoppen van de Silvretta en Verwall reiken veel verder dan <strong>3000 meter<\/strong> hoogte.<\/p>\n<p>Apart Julia Ladner is aan de onderkant van Kappl en zij mogen niet verwachten dat een steile toegangsweg. Het appartement is volledig nieuw ontwikkeld , is geschikt voor <strong>4-6 personen<\/strong>.<\/p>\n<\/div><\/section>\n\n<style type=\"text\/css\" data-created_by=\"avia_inline_auto\" id=\"style-css-av-ok46-df16b9054df4ce649050401bc132869b\">\n.flex_column.av-ok46-df16b9054df4ce649050401bc132869b{\nborder-radius:0px 0px 0px 0px;\npadding:0px 0px 0px 0px;\n}\n<\/style>\n<div  class='flex_column av-ok46-df16b9054df4ce649050401bc132869b av_one_full  avia-builder-el-3  el_after_av_textblock  el_before_av_one_half  first flex_column_div av-zero-column-padding  column-top-margin'     ><\/div>\n<div class='flex_column_table av-wlp6-1415afe004391099a46437eaed7731c6 sc-av_one_half av-equal-height-column-flextable'>\n<style type=\"text\/css\" data-created_by=\"avia_inline_auto\" id=\"style-css-av-wlp6-1415afe004391099a46437eaed7731c6\">\n.flex_column.av-wlp6-1415afe004391099a46437eaed7731c6{\nborder-radius:0px 0px 0px 0px;\npadding:0px 0px 0px 0px;\n}\n<\/style>\n<div  class='flex_column av-wlp6-1415afe004391099a46437eaed7731c6 av_one_half  avia-builder-el-4  el_after_av_one_full  el_before_av_one_half  first flex_column_table_cell av-equal-height-column av-align-middle av-zero-column-padding  column-top-margin'     ><style type=\"text\/css\" data-created_by=\"avia_inline_auto\" id=\"style-css-av-k720ynda-484c69d27d9b8ab1ce9e5219b40e3351\">\n.avia-image-container.av-k720ynda-484c69d27d9b8ab1ce9e5219b40e3351 img.avia_image{\nbox-shadow:none;\n}\n.avia-image-container.av-k720ynda-484c69d27d9b8ab1ce9e5219b40e3351 .av-image-caption-overlay-center{\ncolor:#ffffff;\n}\n<\/style>\n<div  class='avia-image-container av-k720ynda-484c69d27d9b8ab1ce9e5219b40e3351 av-styling- avia-align-center  avia-builder-el-5  avia-builder-el-no-sibling '   itemprop=\"image\" itemscope=\"itemscope\" itemtype=\"https:\/\/schema.org\/ImageObject\" ><div class=\"avia-image-container-inner\"><div class=\"avia-image-overlay-wrap\"><img decoding=\"async\" fetchpriority=\"high\" class='wp-image-37 avia-img-lazy-loading-not-37 avia_image ' src=\"https:\/\/apart-ladner.com\/wp-content\/uploads\/2020\/02\/freeride-kappl-11.jpg\" alt='' title='Freeride Niederelbeh\u00fctte, Kappl 24.3.2018'  height=\"1000\" width=\"1500\"  itemprop=\"thumbnailUrl\" srcset=\"https:\/\/apart-ladner.com\/wp-content\/uploads\/2020\/02\/freeride-kappl-11.jpg 1500w, https:\/\/apart-ladner.com\/wp-content\/uploads\/2020\/02\/freeride-kappl-11-300x200.jpg 300w, https:\/\/apart-ladner.com\/wp-content\/uploads\/2020\/02\/freeride-kappl-11-1030x687.jpg 1030w, https:\/\/apart-ladner.com\/wp-content\/uploads\/2020\/02\/freeride-kappl-11-768x512.jpg 768w, https:\/\/apart-ladner.com\/wp-content\/uploads\/2020\/02\/freeride-kappl-11-705x470.jpg 705w\" sizes=\"(max-width: 1500px) 100vw, 1500px\" \/><\/div><\/div><\/div><\/div>\n<div class='av-flex-placeholder'><\/div>\n<style type=\"text\/css\" data-created_by=\"avia_inline_auto\" id=\"style-css-av-k720yy70-1aedd69e58cf2c3ba44f382cbef5f69c\">\n.flex_column.av-k720yy70-1aedd69e58cf2c3ba44f382cbef5f69c{\nborder-radius:0px 0px 0px 0px;\npadding:0px 0px 0px 0px;\n}\n<\/style>\n<div  class='flex_column av-k720yy70-1aedd69e58cf2c3ba44f382cbef5f69c av_one_half  avia-builder-el-6  el_after_av_one_half  el_before_av_one_full  flex_column_table_cell av-equal-height-column av-align-middle av-zero-column-padding  column-top-margin'     ><p>\n<style type=\"text\/css\" data-created_by=\"avia_inline_auto\" id=\"style-css-av-k761jj3h-75506530483a2eb37a1eb7763e78a15c\">\n#top .av-special-heading.av-k761jj3h-75506530483a2eb37a1eb7763e78a15c{\npadding-bottom:10px;\n}\nbody .av-special-heading.av-k761jj3h-75506530483a2eb37a1eb7763e78a15c .av-special-heading-tag .heading-char{\nfont-size:25px;\n}\n.av-special-heading.av-k761jj3h-75506530483a2eb37a1eb7763e78a15c .av-subheading{\nfont-size:15px;\n}\n<\/style>\n<div  class='av-special-heading av-k761jj3h-75506530483a2eb37a1eb7763e78a15c av-special-heading-h1 blockquote modern-quote  avia-builder-el-7  el_before_av_hr  avia-builder-el-first '><h1 class='av-special-heading-tag '  itemprop=\"headline\"  >De Regio<\/h1><div class=\"special-heading-border\"><div class=\"special-heading-inner-border\"><\/div><\/div><\/div><br \/>\n\n<style type=\"text\/css\" data-created_by=\"avia_inline_auto\" id=\"style-css-av-k73e3q5l-08d5b540965ae212ac2a5256ce49e260\">\n#top .hr.av-k73e3q5l-08d5b540965ae212ac2a5256ce49e260{\nmargin-top:-15px;\nmargin-bottom:30px;\n}\n.hr.av-k73e3q5l-08d5b540965ae212ac2a5256ce49e260 .hr-inner{\nwidth:200px;\nborder-color:#ff8700;\n}\n<\/style>\n<div  class='hr av-k73e3q5l-08d5b540965ae212ac2a5256ce49e260 hr-custom  avia-builder-el-8  el_after_av_heading  el_before_av_textblock  hr-left hr-icon-no'><span class='hr-inner inner-border-av-border-fat'><span class=\"hr-inner-style\"><\/span><\/span><\/div><br \/>\n<section  class='av_textblock_section av-k720l5o0-86a8ea29ab2f41ee081294b4aec2e4b7 '   itemscope=\"itemscope\" itemtype=\"https:\/\/schema.org\/CreativeWork\" ><div class='avia_textblock'  itemprop=\"text\" ><p>De Paznauntal met de dorpen See, Kappl, Ischgl en Galt\u00fcr is bekend tot ver buiten haar grenzen om te ski\u00ebn. In de skigebieden van Kappl en bekijken gezinnen zijn van harte welkom. In Galt\u00fcr kunt u de hoge alpine tours evenals vinden in Ischgl. En Ischgl is ook bekend om de levendige partij buzz en de apr\u00e8s -ski.<\/p>\n<p>Dus er is een breed aanbod in de regio voor diverse activiteiten.<\/p>\n<\/div><\/section><br \/>\n\n<style type=\"text\/css\" data-created_by=\"avia_inline_auto\" id=\"style-css-av-k73euczr-6e71a8af076bc112bc387896bd6a8b02\">\n.av_font_icon.av-k73euczr-6e71a8af076bc112bc387896bd6a8b02{\ncolor:#ff8700;\nborder-color:#ff8700;\n}\n.avia-svg-icon.av-k73euczr-6e71a8af076bc112bc387896bd6a8b02 svg:first-child{\nstroke:#ff8700;\nfill:#ff8700;\n}\n.av_font_icon.av-k73euczr-6e71a8af076bc112bc387896bd6a8b02 .av-icon-char{\nfont-size:40px;\nline-height:40px;\n}\n<\/style>\n<span  class='av_font_icon av-k73euczr-6e71a8af076bc112bc387896bd6a8b02 avia_animate_when_visible av-icon-style- avia-icon-pos-left av-mini-hide avia-iconfont avia-font-entypo-fontello avia-icon-animate'><a href='https:\/\/apart-ladner.com\/region\/'   class='av-icon-char' data-av_icon='\ue888' data-av_iconfont='entypo-fontello' aria-hidden=\"false\" ><\/a><\/span><\/p><\/div><\/div><!--close column table wrapper. Autoclose: 1 -->\n<style type=\"text\/css\" data-created_by=\"avia_inline_auto\" id=\"style-css-av-s8ai-876b9f7630e832ad629922688dfc52bf\">\n.flex_column.av-s8ai-876b9f7630e832ad629922688dfc52bf{\nborder-radius:20% 20% 20% 20%;\npadding:3% 3% 3% 3%;\n}\n<\/style>\n<div  class='flex_column av-s8ai-876b9f7630e832ad629922688dfc52bf av_one_full  avia-builder-el-11  el_after_av_one_half  el_before_av_one_half  first flex_column_div  column-top-margin'     ><\/div><\/p>\n<div class='flex_column_table av-k720yy70-51b29be10bb3c46ddedfd291421b59a7 sc-av_one_half av-equal-height-column-flextable'>\n<style type=\"text\/css\" data-created_by=\"avia_inline_auto\" id=\"style-css-av-k720yy70-51b29be10bb3c46ddedfd291421b59a7\">\n.flex_column.av-k720yy70-51b29be10bb3c46ddedfd291421b59a7{\nborder-radius:0px 0px 0px 0px;\npadding:0px 0px 0px 0px;\n}\n<\/style>\n<div  class='flex_column av-k720yy70-51b29be10bb3c46ddedfd291421b59a7 av_one_half  avia-builder-el-12  el_after_av_one_full  el_before_av_one_half  first flex_column_table_cell av-equal-height-column av-align-middle av-zero-column-padding  column-top-margin'     ><p>\n<style type=\"text\/css\" data-created_by=\"avia_inline_auto\" id=\"style-css-av-k761k9zd-9ce380fa78304546ff53294c5771f559\">\n#top .av-special-heading.av-k761k9zd-9ce380fa78304546ff53294c5771f559{\npadding-bottom:10px;\n}\nbody .av-special-heading.av-k761k9zd-9ce380fa78304546ff53294c5771f559 .av-special-heading-tag .heading-char{\nfont-size:25px;\n}\n.av-special-heading.av-k761k9zd-9ce380fa78304546ff53294c5771f559 .av-subheading{\nfont-size:15px;\n}\n<\/style>\n<div  class='av-special-heading av-k761k9zd-9ce380fa78304546ff53294c5771f559 av-special-heading-h1 blockquote modern-quote  avia-builder-el-13  el_before_av_hr  avia-builder-el-first '><h1 class='av-special-heading-tag '  itemprop=\"headline\"  >Het appartement<\/h1><div class=\"special-heading-border\"><div class=\"special-heading-inner-border\"><\/div><\/div><\/div><br \/>\n\n<style type=\"text\/css\" data-created_by=\"avia_inline_auto\" id=\"style-css-av-k73e3q5l-71888a4df6e4bcb2d22808b277d463dc\">\n#top .hr.av-k73e3q5l-71888a4df6e4bcb2d22808b277d463dc{\nmargin-top:-15px;\nmargin-bottom:30px;\n}\n.hr.av-k73e3q5l-71888a4df6e4bcb2d22808b277d463dc .hr-inner{\nwidth:350px;\nborder-color:#ff8700;\n}\n<\/style>\n<div  class='hr av-k73e3q5l-71888a4df6e4bcb2d22808b277d463dc hr-custom  avia-builder-el-14  el_after_av_heading  el_before_av_textblock  hr-left hr-icon-no'><span class='hr-inner inner-border-av-border-fat'><span class=\"hr-inner-style\"><\/span><\/span><\/div><br \/>\n<section  class='av_textblock_section av-k720l5o0-86a8ea29ab2f41ee081294b4aec2e4b7 '   itemscope=\"itemscope\" itemtype=\"https:\/\/schema.org\/CreativeWork\" ><div class='avia_textblock'  itemprop=\"text\" ><p>Het appartement is volledig nieuw ontwikkeld , is geschikt voor 4-6 personen.<\/p>\n<\/div><\/section><br \/>\n\n<style type=\"text\/css\" data-created_by=\"avia_inline_auto\" id=\"style-css-av-k73euczr-10396a05caaa222f8cbfabe37aba94b1\">\n.av_font_icon.av-k73euczr-10396a05caaa222f8cbfabe37aba94b1{\ncolor:#ff8700;\nborder-color:#ff8700;\n}\n.avia-svg-icon.av-k73euczr-10396a05caaa222f8cbfabe37aba94b1 svg:first-child{\nstroke:#ff8700;\nfill:#ff8700;\n}\n.av_font_icon.av-k73euczr-10396a05caaa222f8cbfabe37aba94b1 .av-icon-char{\nfont-size:40px;\nline-height:40px;\n}\n<\/style>\n<span  class='av_font_icon av-k73euczr-10396a05caaa222f8cbfabe37aba94b1 avia_animate_when_visible av-icon-style- avia-icon-pos-right av-mini-hide avia-iconfont avia-font-entypo-fontello avia-icon-animate'><a href='https:\/\/apart-ladner.com\/appartement\/'   class='av-icon-char' data-av_icon='\ue889' data-av_iconfont='entypo-fontello' aria-hidden=\"false\" ><\/a><\/span><\/p><\/div><div class='av-flex-placeholder'><\/div>\n<style type=\"text\/css\" data-created_by=\"avia_inline_auto\" id=\"style-css-av-wlp6-0bd17b0821c6f56a7d7b20ab9f030628\">\n.flex_column.av-wlp6-0bd17b0821c6f56a7d7b20ab9f030628{\nborder-radius:0px 0px 0px 0px;\npadding:0px 0px 0px 0px;\n}\n<\/style>\n<div  class='flex_column av-wlp6-0bd17b0821c6f56a7d7b20ab9f030628 av_one_half  avia-builder-el-17  el_after_av_one_half  el_before_av_one_full  flex_column_table_cell av-equal-height-column av-align-middle av-zero-column-padding  column-top-margin'     ><style type=\"text\/css\" data-created_by=\"avia_inline_auto\" id=\"style-css-av-k720ynda-8003fd65a935a86066ad1b2702c6e9c5\">\n.avia-image-container.av-k720ynda-8003fd65a935a86066ad1b2702c6e9c5 img.avia_image{\nbox-shadow:none;\n}\n.avia-image-container.av-k720ynda-8003fd65a935a86066ad1b2702c6e9c5 .av-image-caption-overlay-center{\ncolor:#ffffff;\n}\n<\/style>\n<div  class='avia-image-container av-k720ynda-8003fd65a935a86066ad1b2702c6e9c5 av-styling- avia-align-center  avia-builder-el-18  avia-builder-el-no-sibling '   itemprop=\"image\" itemscope=\"itemscope\" itemtype=\"https:\/\/schema.org\/ImageObject\" ><div class=\"avia-image-container-inner\"><div class=\"avia-image-overlay-wrap\"><img decoding=\"async\" fetchpriority=\"high\" class='wp-image-42 avia-img-lazy-loading-not-42 avia_image ' src=\"https:\/\/apart-ladner.com\/wp-content\/uploads\/2020\/02\/b960218-scaled.jpeg\" alt='' title='b960218'  height=\"1703\" width=\"2560\"  itemprop=\"thumbnailUrl\" srcset=\"https:\/\/apart-ladner.com\/wp-content\/uploads\/2020\/02\/b960218-scaled.jpeg 2560w, https:\/\/apart-ladner.com\/wp-content\/uploads\/2020\/02\/b960218-300x200.jpeg 300w, https:\/\/apart-ladner.com\/wp-content\/uploads\/2020\/02\/b960218-1030x685.jpeg 1030w, https:\/\/apart-ladner.com\/wp-content\/uploads\/2020\/02\/b960218-768x511.jpeg 768w, https:\/\/apart-ladner.com\/wp-content\/uploads\/2020\/02\/b960218-1536x1022.jpeg 1536w, https:\/\/apart-ladner.com\/wp-content\/uploads\/2020\/02\/b960218-2048x1363.jpeg 2048w, https:\/\/apart-ladner.com\/wp-content\/uploads\/2020\/02\/b960218-1500x998.jpeg 1500w, https:\/\/apart-ladner.com\/wp-content\/uploads\/2020\/02\/b960218-705x469.jpeg 705w\" sizes=\"(max-width: 2560px) 100vw, 2560px\" \/><\/div><\/div><\/div><\/div><\/div><!--close column table wrapper. Autoclose: 1 --><\/p>\n\n<style type=\"text\/css\" data-created_by=\"avia_inline_auto\" id=\"style-css-av-s8ai-876b9f7630e832ad629922688dfc52bf\">\n.flex_column.av-s8ai-876b9f7630e832ad629922688dfc52bf{\nborder-radius:20% 20% 20% 20%;\npadding:3% 3% 3% 3%;\n}\n<\/style>\n<div  class='flex_column av-s8ai-876b9f7630e832ad629922688dfc52bf av_one_full  avia-builder-el-19  el_after_av_one_half  el_before_av_one_half  first flex_column_div  column-top-margin'     ><\/div>\n<div class='flex_column_table av-wlp6-1415afe004391099a46437eaed7731c6 sc-av_one_half av-equal-height-column-flextable'>\n<style type=\"text\/css\" data-created_by=\"avia_inline_auto\" id=\"style-css-av-wlp6-1415afe004391099a46437eaed7731c6\">\n.flex_column.av-wlp6-1415afe004391099a46437eaed7731c6{\nborder-radius:0px 0px 0px 0px;\npadding:0px 0px 0px 0px;\n}\n<\/style>\n<div  class='flex_column av-wlp6-1415afe004391099a46437eaed7731c6 av_one_half  avia-builder-el-20  el_after_av_one_full  el_before_av_one_half  first flex_column_table_cell av-equal-height-column av-align-middle av-zero-column-padding  column-top-margin'     ><style type=\"text\/css\" data-created_by=\"avia_inline_auto\" id=\"style-css-av-k720ynda-41300a429c6adccabcc1d6eb6f4c3120\">\n.avia-image-container.av-k720ynda-41300a429c6adccabcc1d6eb6f4c3120 img.avia_image{\nbox-shadow:none;\n}\n.avia-image-container.av-k720ynda-41300a429c6adccabcc1d6eb6f4c3120 .av-image-caption-overlay-center{\ncolor:#ffffff;\n}\n<\/style>\n<div  class='avia-image-container av-k720ynda-41300a429c6adccabcc1d6eb6f4c3120 av-styling- avia-align-center  avia-builder-el-21  avia-builder-el-no-sibling '   itemprop=\"image\" itemscope=\"itemscope\" itemtype=\"https:\/\/schema.org\/ImageObject\" ><div class=\"avia-image-container-inner\"><div class=\"avia-image-overlay-wrap\"><img decoding=\"async\" fetchpriority=\"high\" class='wp-image-51 avia-img-lazy-loading-not-51 avia_image ' src=\"https:\/\/apart-ladner.com\/wp-content\/uploads\/2020\/02\/b356648-scaled.jpeg\" alt='' title='b356648'  height=\"1704\" width=\"2560\"  itemprop=\"thumbnailUrl\" srcset=\"https:\/\/apart-ladner.com\/wp-content\/uploads\/2020\/02\/b356648-scaled.jpeg 2560w, https:\/\/apart-ladner.com\/wp-content\/uploads\/2020\/02\/b356648-300x200.jpeg 300w, https:\/\/apart-ladner.com\/wp-content\/uploads\/2020\/02\/b356648-1030x685.jpeg 1030w, https:\/\/apart-ladner.com\/wp-content\/uploads\/2020\/02\/b356648-768x511.jpeg 768w, https:\/\/apart-ladner.com\/wp-content\/uploads\/2020\/02\/b356648-1536x1022.jpeg 1536w, https:\/\/apart-ladner.com\/wp-content\/uploads\/2020\/02\/b356648-2048x1363.jpeg 2048w, https:\/\/apart-ladner.com\/wp-content\/uploads\/2020\/02\/b356648-1500x998.jpeg 1500w, https:\/\/apart-ladner.com\/wp-content\/uploads\/2020\/02\/b356648-705x469.jpeg 705w\" sizes=\"(max-width: 2560px) 100vw, 2560px\" \/><\/div><\/div><\/div><\/div>\n<div class='av-flex-placeholder'><\/div>\n<style type=\"text\/css\" data-created_by=\"avia_inline_auto\" id=\"style-css-av-k720yy70-1aedd69e58cf2c3ba44f382cbef5f69c\">\n.flex_column.av-k720yy70-1aedd69e58cf2c3ba44f382cbef5f69c{\nborder-radius:0px 0px 0px 0px;\npadding:0px 0px 0px 0px;\n}\n<\/style>\n<div  class='flex_column av-k720yy70-1aedd69e58cf2c3ba44f382cbef5f69c av_one_half  avia-builder-el-22  el_after_av_one_half  el_before_av_one_full  flex_column_table_cell av-equal-height-column av-align-middle av-zero-column-padding  column-top-margin'     ><p>\n<style type=\"text\/css\" data-created_by=\"avia_inline_auto\" id=\"style-css-av-k761l0a8-e4776105908aa6743abd542a5f6f5f50\">\n#top .av-special-heading.av-k761l0a8-e4776105908aa6743abd542a5f6f5f50{\npadding-bottom:10px;\n}\nbody .av-special-heading.av-k761l0a8-e4776105908aa6743abd542a5f6f5f50 .av-special-heading-tag .heading-char{\nfont-size:25px;\n}\n.av-special-heading.av-k761l0a8-e4776105908aa6743abd542a5f6f5f50 .av-subheading{\nfont-size:15px;\n}\n<\/style>\n<div  class='av-special-heading av-k761l0a8-e4776105908aa6743abd542a5f6f5f50 av-special-heading-h1 blockquote modern-quote  avia-builder-el-23  el_before_av_hr  avia-builder-el-first '><h1 class='av-special-heading-tag '  itemprop=\"headline\"  >Services<\/h1><div class=\"special-heading-border\"><div class=\"special-heading-inner-border\"><\/div><\/div><\/div><br \/>\n\n<style type=\"text\/css\" data-created_by=\"avia_inline_auto\" id=\"style-css-av-k73e3q5l-71888a4df6e4bcb2d22808b277d463dc\">\n#top .hr.av-k73e3q5l-71888a4df6e4bcb2d22808b277d463dc{\nmargin-top:-15px;\nmargin-bottom:30px;\n}\n.hr.av-k73e3q5l-71888a4df6e4bcb2d22808b277d463dc .hr-inner{\nwidth:350px;\nborder-color:#ff8700;\n}\n<\/style>\n<div  class='hr av-k73e3q5l-71888a4df6e4bcb2d22808b277d463dc hr-custom  avia-builder-el-24  el_after_av_heading  el_before_av_textblock  hr-left hr-icon-no'><span class='hr-inner inner-border-av-border-fat'><span class=\"hr-inner-style\"><\/span><\/span><\/div><br \/>\n<section  class='av_textblock_section av-k720l5o0-86a8ea29ab2f41ee081294b4aec2e4b7 '   itemscope=\"itemscope\" itemtype=\"https:\/\/schema.org\/CreativeWork\" ><div class='avia_textblock'  itemprop=\"text\" ><ul class=\"gkBullet4\">\n<li>vrij parkeren<\/li>\n<li>gratis brood dienst<\/li>\n<li>vrij WLAN<\/li>\n<li>gratis Skibus voor de hele Regio Paznauntal (2 Minuten lopen)<\/li>\n<li>Droogruimte voor Skischoenen en Ski-Depot<\/li>\n<\/ul>\n<\/div><\/section><\/p><\/div><\/div><!--close column table wrapper. Autoclose: 1 -->\n<style type=\"text\/css\" data-created_by=\"avia_inline_auto\" id=\"style-css-av-s8ai-341bc71b4801fab9f1ba7bafb8f7099e\">\n.flex_column.av-s8ai-341bc71b4801fab9f1ba7bafb8f7099e{\nborder-radius:20% 20% 20% 20%;\npadding:5% 5% 5% 5%;\n}\n<\/style>\n<div  class='flex_column av-s8ai-341bc71b4801fab9f1ba7bafb8f7099e av_one_full  avia-builder-el-26  el_after_av_one_half  avia-builder-el-last  first flex_column_div  column-top-margin'     ><\/div><\/p>\n","protected":false},"excerpt":{"rendered":"","protected":false},"author":2,"featured_media":0,"parent":0,"menu_order":1,"comment_status":"closed","ping_status":"closed","template":"","meta":{"footnotes":""},"class_list":["post-328","page","type-page","status-publish","hentry"],"_links":{"self":[{"href":"https:\/\/apart-ladner.com\/nl\/wp-json\/wp\/v2\/pages\/328","targetHints":{"allow":["GET"]}}],"collection":[{"href":"https:\/\/apart-ladner.com\/nl\/wp-json\/wp\/v2\/pages"}],"about":[{"href":"https:\/\/apart-ladner.com\/nl\/wp-json\/wp\/v2\/types\/page"}],"author":[{"embeddable":true,"href":"https:\/\/apart-ladner.com\/nl\/wp-json\/wp\/v2\/users\/2"}],"replies":[{"embeddable":true,"href":"https:\/\/apart-ladner.com\/nl\/wp-json\/wp\/v2\/comments?post=328"}],"version-history":[{"count":2,"href":"https:\/\/apart-ladner.com\/nl\/wp-json\/wp\/v2\/pages\/328\/revisions"}],"predecessor-version":[{"id":331,"href":"https:\/\/apart-ladner.com\/nl\/wp-json\/wp\/v2\/pages\/328\/revisions\/331"}],"wp:attachment":[{"href":"https:\/\/apart-ladner.com\/nl\/wp-json\/wp\/v2\/media?parent=328"}],"curies":[{"name":"wp","href":"https:\/\/api.w.org\/{rel}","templated":true}]}}